{"id":468,"date":"2018-12-08T15:20:23","date_gmt":"2018-12-08T15:20:23","guid":{"rendered":"http:\/\/demo.xclusivethemes.com\/?page_id=468"},"modified":"2020-07-18T11:46:00","modified_gmt":"2020-07-18T11:46:00","slug":"casa-do-alambique","status":"publish","type":"page","link":"https:\/\/quintavelhadasamoreiras.com\/fr\/casa-do-alambique\/","title":{"rendered":"Casa do Alambique"},"content":{"rendered":"\r\nngg_shortcode_0_placeholder\r\n\r\n\r\n\r\n<div class=\"wp-block-columns is-layout-flex wp-container-core-columns-is-layout-9d6595d7 wp-block-columns-is-layout-flex\">\r\n<div class=\"wp-block-column is-layout-flow wp-block-column-is-layout-flow\" style=\"flex-basis:66.66%\">\r\n<p>La <strong>Casa do Alambique<\/strong> se compose d&rsquo;une chambre double avec balcon, cuisine \u00e9quip\u00e9e, 1 salle de bain et une salle \u00e0 manger\/salon avec un po\u00eale \u00e0 bois et un canap\u00e9-lit. Il dispose \u00e9galement d&rsquo;une terrasse int\u00e9rieure et d&rsquo;une autre au-dessus de la maison avec vue sur la mer et l&rsquo;\u00eelot de Vila Franca do Campo.<\/p>\r\n<p>Capacit\u00e9 :&nbsp;<strong>2 pax<\/strong> avec la possibilit\u00e9 d&rsquo;accueillir <strong>1&nbsp;enfant<\/strong> sur un canap\u00e9 convertible dans le salon. Nous avons \u00e9galement un berceau et une chaise haute pour b\u00e9b\u00e9.<\/p>\r\n<p>Cette maison n&rsquo;a pas de vue du salon sur la mer, comme les deux autres, mais elle b\u00e9n\u00e9ficie de plus d&rsquo;intimit\u00e9. La terrasse sup\u00e9rieure est \u00e9quip\u00e9e d&rsquo;un barbecue pour l&rsquo;usage priv\u00e9 des clients de Casa do Alambique. La maison dispose \u00e9galement d&rsquo;une connexion Wi-Fi gratuite et de la climatisation.<\/p>\r\n<p>La piscine naturelle en bord de mer, accessible par le terrain de la propri\u00e9t\u00e9, et la piscine artificielle attenante aux maisons, ainsi que la buanderie sont \u00e0 la disposition des h\u00f4tes des 3 maisons.&nbsp;<\/p>\r\n<p>Les remboursements ne seront pris en compte que pour les annulations avec un minimum de 30 jours avant la date d&rsquo;arriv\u00e9e.<\/p>\r\n<p>Les services de nettoyage, ainsi que le changement des draps et des serviettes, sont assur\u00e9s une fois par semaine pour les s\u00e9jours de plus d&rsquo;une semaine, ou sur demande.<\/p>\r\n<\/div>\r\n\r\n\r\n\r\n<div class=\"wp-block-column is-layout-flow wp-block-column-is-layout-flow\" style=\"flex-basis:33.33%\">\r\n<div class=\"ibe\" data-region=\"emea\" data-channelcode=\"quintavelhadasamoreirasdirect\" data-widget=\"property_check_availability\"><\/div>\r\n<script src=\"https:\/\/widget.siteminder.com\/ibe.min.js\"><\/script>\r\n<\/div>\r\n<\/div>\r\n\r\n\r\n\r\n<!--<iframe src=\"https:\/\/app.your.rentals\/p\/45503\" scrolling=\"no\" style=\"border:0; width:100%; height: 2400px; overflow: hidden; \"><\/iframe>-->\r\n","protected":false},"excerpt":{"rendered":"<p>ngg_shortcode_1_placeholder La Casa do Alambique se compose d&rsquo;une chambre double avec balcon, cuisine \u00e9quip\u00e9e, 1<\/p>\n","protected":false},"author":1,"featured_media":0,"parent":0,"menu_order":0,"comment_status":"closed","ping_status":"closed","template":"","meta":{"ngg_post_thumbnail":0,"footnotes":""},"class_list":["post-468","page","type-page","status-publish","hentry"],"_links":{"self":[{"href":"https:\/\/quintavelhadasamoreiras.com\/fr\/wp-json\/wp\/v2\/pages\/468","targetHints":{"allow":["GET"]}}],"collection":[{"href":"https:\/\/quintavelhadasamoreiras.com\/fr\/wp-json\/wp\/v2\/pages"}],"about":[{"href":"https:\/\/quintavelhadasamoreiras.com\/fr\/wp-json\/wp\/v2\/types\/page"}],"author":[{"embeddable":true,"href":"https:\/\/quintavelhadasamoreiras.com\/fr\/wp-json\/wp\/v2\/users\/1"}],"replies":[{"embeddable":true,"href":"https:\/\/quintavelhadasamoreiras.com\/fr\/wp-json\/wp\/v2\/comments?post=468"}],"version-history":[{"count":6,"href":"https:\/\/quintavelhadasamoreiras.com\/fr\/wp-json\/wp\/v2\/pages\/468\/revisions"}],"predecessor-version":[{"id":1023,"href":"https:\/\/quintavelhadasamoreiras.com\/fr\/wp-json\/wp\/v2\/pages\/468\/revisions\/1023"}],"wp:attachment":[{"href":"https:\/\/quintavelhadasamoreiras.com\/fr\/wp-json\/wp\/v2\/media?parent=468"}],"curies":[{"name":"wp","href":"https:\/\/api.w.org\/{rel}","templated":true}]}}