{"id":484,"date":"2018-12-09T08:07:36","date_gmt":"2018-12-09T08:07:36","guid":{"rendered":"http:\/\/demo.xclusivethemes.com\/?page_id=484"},"modified":"2020-07-18T11:43:56","modified_gmt":"2020-07-18T11:43:56","slug":"casa-do-lagar","status":"publish","type":"page","link":"https:\/\/quintavelhadasamoreiras.com\/fr\/casa-do-lagar\/","title":{"rendered":"Casa do Lagar"},"content":{"rendered":"\r\nngg_shortcode_0_placeholder\r\n\r\n\r\n\r\n<div class=\"wp-block-columns is-layout-flex wp-container-core-columns-is-layout-9d6595d7 wp-block-columns-is-layout-flex\">\r\n<div class=\"wp-block-column is-layout-flow wp-block-column-is-layout-flow\" style=\"flex-basis:66.66%\">\r\n\r\n<p>La <strong>Casa do Lagar<\/strong> se compose d&rsquo;une grande chambre avec un lit double, une mezzanine avec deux lits simples, une cuisine \u00e9quip\u00e9e, 1 salle de bain et un salon\/salle \u00e0 manger avec chemin\u00e9e.<\/p>\r\n<p>&nbsp;Capacit\u00e9 id\u00e9ale :&nbsp;<strong>4 pax<\/strong> &#8211; Couple + 2 jeunes.&nbsp;Nous avons \u00e9galement un berceau et une chaise haute pour b\u00e9b\u00e9.<\/p>\r\n<p>En plus de profiter d&rsquo;une vue de l&rsquo;int\u00e9rieur de toute la maison, il y a une terrasse avec une vue magnifique, \u00e0 la fois sur la piscine artificielle et sur la mer et l&rsquo;\u00eelot de Vila Franca do Campo.<\/p>\r\n<p>La piscine naturelle \u00e0 la mer, avec acc\u00e8s par le terrain de la propri\u00e9t\u00e9, et la piscine artificielle \u00e0 c\u00f4t\u00e9 des maisons, ainsi qu&rsquo;un barbecue et une buanderie sont \u00e0 la disposition commune des h\u00f4tes. La maison dispose \u00e9galement d&rsquo;une connexion Wi-Fi gratuite et de la climatisation.<\/p>\r\n<p>Les remboursements ne seront pris en compte que pour les annulations 30 jours avant le jour de l&rsquo;entr\u00e9e.<\/p>\r\n<p>Les services de nettoyage, ainsi que le changement des draps et des serviettes, sont assur\u00e9s une fois par semaine pour les s\u00e9jours de plus d&rsquo;une semaine, ou sur demande.<\/p>\r\n<\/div>\r\n\r\n\r\n\r\n<div class=\"wp-block-column is-layout-flow wp-block-column-is-layout-flow\" style=\"flex-basis:33.33%\">\r\n<div class=\"ibe\" data-region=\"emea\" data-channelcode=\"quintavelhadasamoreirasdirect\" data-widget=\"property_check_availability\"><\/div>\r\n<script src=\"https:\/\/widget.siteminder.com\/ibe.min.js\"><\/script>\r\n<\/div>\r\n<\/div>\r\n","protected":false},"excerpt":{"rendered":"<p>ngg_shortcode_1_placeholder La Casa do Lagar se compose d&rsquo;une grande chambre avec un lit double, une<\/p>\n","protected":false},"author":1,"featured_media":0,"parent":0,"menu_order":0,"comment_status":"closed","ping_status":"closed","template":"","meta":{"ngg_post_thumbnail":0,"footnotes":""},"class_list":["post-484","page","type-page","status-publish","hentry"],"_links":{"self":[{"href":"https:\/\/quintavelhadasamoreiras.com\/fr\/wp-json\/wp\/v2\/pages\/484","targetHints":{"allow":["GET"]}}],"collection":[{"href":"https:\/\/quintavelhadasamoreiras.com\/fr\/wp-json\/wp\/v2\/pages"}],"about":[{"href":"https:\/\/quintavelhadasamoreiras.com\/fr\/wp-json\/wp\/v2\/types\/page"}],"author":[{"embeddable":true,"href":"https:\/\/quintavelhadasamoreiras.com\/fr\/wp-json\/wp\/v2\/users\/1"}],"replies":[{"embeddable":true,"href":"https:\/\/quintavelhadasamoreiras.com\/fr\/wp-json\/wp\/v2\/comments?post=484"}],"version-history":[{"count":18,"href":"https:\/\/quintavelhadasamoreiras.com\/fr\/wp-json\/wp\/v2\/pages\/484\/revisions"}],"predecessor-version":[{"id":1022,"href":"https:\/\/quintavelhadasamoreiras.com\/fr\/wp-json\/wp\/v2\/pages\/484\/revisions\/1022"}],"wp:attachment":[{"href":"https:\/\/quintavelhadasamoreiras.com\/fr\/wp-json\/wp\/v2\/media?parent=484"}],"curies":[{"name":"wp","href":"https:\/\/api.w.org\/{rel}","templated":true}]}}