{"id":489,"date":"2018-12-09T08:09:55","date_gmt":"2018-12-09T08:09:55","guid":{"rendered":"http:\/\/demo.xclusivethemes.com\/?page_id=489"},"modified":"2020-07-18T11:41:48","modified_gmt":"2020-07-18T11:41:48","slug":"casa-da-pipa","status":"publish","type":"page","link":"https:\/\/quintavelhadasamoreiras.com\/fr\/casa-da-pipa\/","title":{"rendered":"Casa da Pipa"},"content":{"rendered":"\r\nngg_shortcode_0_placeholder\r\n\r\n\r\n\r\n<div class=\"wp-block-columns is-layout-flex wp-container-core-columns-is-layout-9d6595d7 wp-block-columns-is-layout-flex\">\r\n<div class=\"wp-block-column is-layout-flow wp-block-column-is-layout-flow\" style=\"flex-basis:66.66%\">\r\n<p>&nbsp;La <strong>Casa da Pipa<\/strong> se compose d&rsquo;une grande chambre avec lit double, une mezzanine avec deux lits simples, cuisine \u00e9quip\u00e9e, 1 salle de bain et une salle \u00e0 manger\/salon avec chemin\u00e9e, \u00e9galement avec canap\u00e9-lit .<\/p>\r\n\r\n\r\n\r\n<p>Capacit\u00e9 id\u00e9ale :&nbsp;<strong>4 pax<\/strong>&nbsp;&#8211; Couple + 2 jeunes (avec possibilit\u00e9 d&rsquo;accueillir un enfant suppl\u00e9mentaire sur le canap\u00e9-lit, sur demande par mail).&nbsp;Nous disposons \u00e9galement d&rsquo;un lit parapluie et chaise haute pour b\u00e9b\u00e9.<\/p>\r\n\r\n\r\n\r\n<p>En plus de profiter d&rsquo;une vue de l&rsquo;int\u00e9rieur de toute la maison, il y a une terrasse avec une vue magnifique, \u00e0 la fois sur la piscine artificielle et sur la mer et l&rsquo;\u00eelot de Vila Franca do Campo.<\/p>\r\n\r\n\r\n\r\n<p>La piscine naturelle dans la mer, avec acc\u00e8s par le terrain de la propri\u00e9t\u00e9, et la piscine artificielle \u00e0 c\u00f4t\u00e9 des maisons, ainsi qu&rsquo;un barbecue et une buanderie sont \u00e0 la disposition commune des h\u00f4tes.&nbsp;La maison dispose de la climatisation et Wi-Fi gratuit.<\/p>\r\n\r\n\r\n\r\n<p>Les remboursements ne seront pris en compte que pour les annulations avec un minimum de 30 jours avant la date d&rsquo;arriv\u00e9e.<\/p>\r\n\r\n\r\n\r\n<p>Les services de nettoyage, ainsi que le changement des draps et des serviettes, sont assur\u00e9s une fois par semaine pour les s\u00e9jours de plus d&rsquo;une semaine, ou sur demande.<\/p>\r\n<\/div>\r\n\r\n\r\n\r\n<div class=\"wp-block-column is-layout-flow wp-block-column-is-layout-flow\" style=\"flex-basis:33.33%\">\r\n<div class=\"ibe\" data-region=\"emea\" data-channelcode=\"quintavelhadasamoreirasdirect\" data-widget=\"property_check_availability\"><\/div>\r\n<script src=\"https:\/\/widget.siteminder.com\/ibe.min.js\"><\/script>\r\n<\/div>\r\n<\/div>\r\n","protected":false},"excerpt":{"rendered":"<p>ngg_shortcode_1_placeholder &nbsp;La Casa da Pipa se compose d&rsquo;une grande chambre avec lit double, une mezzanine<\/p>\n","protected":false},"author":1,"featured_media":0,"parent":0,"menu_order":0,"comment_status":"closed","ping_status":"closed","template":"","meta":{"ngg_post_thumbnail":0,"footnotes":""},"class_list":["post-489","page","type-page","status-publish","hentry"],"_links":{"self":[{"href":"https:\/\/quintavelhadasamoreiras.com\/fr\/wp-json\/wp\/v2\/pages\/489","targetHints":{"allow":["GET"]}}],"collection":[{"href":"https:\/\/quintavelhadasamoreiras.com\/fr\/wp-json\/wp\/v2\/pages"}],"about":[{"href":"https:\/\/quintavelhadasamoreiras.com\/fr\/wp-json\/wp\/v2\/types\/page"}],"author":[{"embeddable":true,"href":"https:\/\/quintavelhadasamoreiras.com\/fr\/wp-json\/wp\/v2\/users\/1"}],"replies":[{"embeddable":true,"href":"https:\/\/quintavelhadasamoreiras.com\/fr\/wp-json\/wp\/v2\/comments?post=489"}],"version-history":[{"count":18,"href":"https:\/\/quintavelhadasamoreiras.com\/fr\/wp-json\/wp\/v2\/pages\/489\/revisions"}],"predecessor-version":[{"id":1020,"href":"https:\/\/quintavelhadasamoreiras.com\/fr\/wp-json\/wp\/v2\/pages\/489\/revisions\/1020"}],"wp:attachment":[{"href":"https:\/\/quintavelhadasamoreiras.com\/fr\/wp-json\/wp\/v2\/media?parent=489"}],"curies":[{"name":"wp","href":"https:\/\/api.w.org\/{rel}","templated":true}]}}