{"id":519,"date":"2019-02-12T10:50:51","date_gmt":"2019-02-12T10:50:51","guid":{"rendered":"http:\/\/demo.xclusivethemes.com\/?page_id=519"},"modified":"2020-07-01T19:16:32","modified_gmt":"2020-07-01T19:16:32","slug":"about-us","status":"publish","type":"page","link":"https:\/\/quintavelhadasamoreiras.com\/fr\/about-us\/","title":{"rendered":"La propri\u00e9t\u00e9"},"content":{"rendered":"<p><\/p><main class=\"sec-mar\"><p><\/p>\r\n<p><img loading=\"lazy\" decoding=\"async\" class=\"size-medium wp-image-767 alignleft\" src=\"https:\/\/www.quintavelhadasamoreiras.com\/new\/wp-content\/uploads\/2020\/06\/3-300x225.jpg\" alt=\"\" width=\"300\" height=\"225\" srcset=\"https:\/\/quintavelhadasamoreiras.com\/wp-content\/uploads\/2020\/06\/3-300x225.jpg 300w, https:\/\/quintavelhadasamoreiras.com\/wp-content\/uploads\/2020\/06\/3-1024x767.jpg 1024w, https:\/\/quintavelhadasamoreiras.com\/wp-content\/uploads\/2020\/06\/3-768x576.jpg 768w, https:\/\/quintavelhadasamoreiras.com\/wp-content\/uploads\/2020\/06\/3.jpg 1317w\" sizes=\"auto, (max-width: 300px) 100vw, 300px\" \/><\/p>\r\n<div class=\"container\">\r\n<div class=\"row\">\r\n<div class=\"col-sm-9 left-block\">\r\n<article id=\"post-519\" class=\"post-519 page type-page status-publish hentry\">\r\n<div class=\"blog-block\">\r\n<div class=\"moduletable  \">\r\n<div class=\"module_container\">\r\n<div id=\"module_247\" class=\"mod-article-single mod-article-single__\">\r\n<div id=\"item_148\" class=\"item__module visible-first\">\r\n<div class=\"item_introtext\">\r\n<p>\u00c0 la place d&rsquo;Amoreiras, Ribeira das Tainhas, municipalit\u00e9 de Vila Franca do Campo, se trouve la Quinta Velha das Amoreiras, qui s&rsquo;\u00e9tend sur une superficie de 2 604 hectares, de la route municipale, appel\u00e9e Rua das Amoreiras, \u00e0 la mer.<\/p>\r\n<p>L&rsquo;entr\u00e9e de Quinta Velha se fait par une porte marron fonc\u00e9, construite dans les ann\u00e9es 90, apr\u00e8s des cloisons, et elle reproduit les armoiries conc\u00e9d\u00e9es en 1766 au capitaine-Mor Jo\u00e3o Francisco Pacheco de Bettencourt. Des sources documentaires attestent que depuis 1755 la Quinta a connu des successions successives dans la m\u00eame famille. C&rsquo;\u00e9tait une propri\u00e9t\u00e9 de vignes et de vergers, enrichie par la construction de serres d&rsquo;ananas.<\/p>\r\n<\/div>\r\n<\/div>\r\n<\/div>\r\n<\/div>\r\n<\/div>\r\n<\/div>\r\n<\/article>\r\n<\/div>\r\n<\/div>\r\n<\/div>\r\n<p><\/p><\/main><p><\/p>\r\n\r\n\r\n<figure class=\"wp-block-video\"><video controls src=\"https:\/\/www.quintavelhadasamoreiras.com\/new\/quinta.mp4\"><\/video><\/figure>\r\n\r\n\r\n\r\n<p><\/p>\r\n\r\n\r\n\r\n<p>Dans les ann\u00e9es 70, le vignoble a \u00e9t\u00e9 remplac\u00e9 par des plantations de bananes et divers produits agricoles, laissant une cave et un alambic compl\u00e8tement d\u00e9sactiv\u00e9s. Ces deux b\u00e2timents ont maintenant \u00e9t\u00e9 modifi\u00e9s et agrandis afin de permettre l&rsquo;installation et l&rsquo;exploitation d&rsquo;un d\u00e9veloppement de tourisme rural, class\u00e9 comme maisons de campagne, appel\u00e9: Casa do Alambique, Casa do Lagar et Casa da Pipa, avec une vue spectaculaire sur la mer , avec l&rsquo;\u00eelot de Vila Franca do Campo toujours pr\u00e9sent.<\/p>\r\n\r\n\r\n\r\n<p>En front de mer, attenante \u00e0 la propri\u00e9t\u00e9, se trouve une piscine naturelle qui a \u00e9t\u00e9 agrandie et profit\u00e9e par la m\u00e8re de l&rsquo;actuel propri\u00e9taire, encastr\u00e9e dans la pierre volcanique noire et avec un acc\u00e8s direct \u00e0 la mer. Comme alternative pour une bonne baignade, il y a une autre piscine artificielle \u00e0 c\u00f4t\u00e9 des maisons et avec une large vue sur la mer. Un&nbsp; Le Quinta Velha&nbsp;das Amoreiras est situ\u00e9 \u00e0 environ 5 km de Vila Franca do Campo. Il s&rsquo;agit d&rsquo;une ferme agricole qui se distingue par l&rsquo;acc\u00e8s \u00e0 une piscine naturelle sur son propre terrain,&nbsp;incrust\u00e9e dans la roche volcanique,&nbsp;alliant en un seul lieu le calme de la campagne&nbsp;la fra\u00eecheur de la mer. Il est situ\u00e9 sur la c\u00f4te sud, pratiquement au milieu de S. Miguel, ce qui en fait un endroit id\u00e9al pour ceux qui veulent conna\u00eetre l&rsquo;\u00eele d&rsquo;un bout \u00e0 l&rsquo;autre et trouver le repos bien m\u00e9rit\u00e9 pour se d\u00e9tendre apr\u00e8s toutes les aventures de d\u00e9couvrir notre beaut\u00e9 naturelle. Il est n\u00e9cessaire d&rsquo;avoir un v\u00e9hicule.<\/p>\r\n","protected":false},"excerpt":{"rendered":"<p>\u00c0 la place d&rsquo;Amoreiras, Ribeira das Tainhas, municipalit\u00e9 de Vila Franca do Campo, se trouve<\/p>\n","protected":false},"author":1,"featured_media":0,"parent":0,"menu_order":0,"comment_status":"closed","ping_status":"closed","template":"","meta":{"ngg_post_thumbnail":0,"footnotes":""},"class_list":["post-519","page","type-page","status-publish","hentry"],"_links":{"self":[{"href":"https:\/\/quintavelhadasamoreiras.com\/fr\/wp-json\/wp\/v2\/pages\/519","targetHints":{"allow":["GET"]}}],"collection":[{"href":"https:\/\/quintavelhadasamoreiras.com\/fr\/wp-json\/wp\/v2\/pages"}],"about":[{"href":"https:\/\/quintavelhadasamoreiras.com\/fr\/wp-json\/wp\/v2\/types\/page"}],"author":[{"embeddable":true,"href":"https:\/\/quintavelhadasamoreiras.com\/fr\/wp-json\/wp\/v2\/users\/1"}],"replies":[{"embeddable":true,"href":"https:\/\/quintavelhadasamoreiras.com\/fr\/wp-json\/wp\/v2\/comments?post=519"}],"version-history":[{"count":11,"href":"https:\/\/quintavelhadasamoreiras.com\/fr\/wp-json\/wp\/v2\/pages\/519\/revisions"}],"predecessor-version":[{"id":1057,"href":"https:\/\/quintavelhadasamoreiras.com\/fr\/wp-json\/wp\/v2\/pages\/519\/revisions\/1057"}],"wp:attachment":[{"href":"https:\/\/quintavelhadasamoreiras.com\/fr\/wp-json\/wp\/v2\/media?parent=519"}],"curies":[{"name":"wp","href":"https:\/\/api.w.org\/{rel}","templated":true}]}}